
{"id":251,"date":"2024-07-10T09:12:36","date_gmt":"2024-07-10T07:12:36","guid":{"rendered":"https:\/\/przedszkole59.edu.wroclaw.pl\/?page_id=251"},"modified":"2024-11-30T18:13:28","modified_gmt":"2024-11-30T17:13:28","slug":"kacik-psychologa","status":"publish","type":"page","link":"https:\/\/przedszkole59.edu.wroclaw.pl\/index.php\/kacik-psychologa\/","title":{"rendered":"K\u0105cik Psychologa"},"content":{"rendered":"<p>\u200b\u200b\u200b\u200b\u200b\u200b\u200b\u200b\u200b\u200b\u200b\u200b\u200b\u200bOd wrze\u015bnia 2023 roku w naszym przedszkolu zosta\u0142 zatrudniony dodatkowy specjalista-psycholog- p. Katarzyna Drw\u0119cka. Obejmuje swoj\u0105 pomoc\u0105 nie tylko dzieci, ale r\u00f3wnie\u017c s\u0142u\u017cy wsparciem rodzicom i wychowawcom.<\/p>\n<h2>Zapraszam do kontaktu<\/h2>\n<ul>\n<li>W przedszkolu pracuj\u0119 2 dni w tygodniu (poniedzia\u0142ki i wtorki).<\/li>\n<li>Termin spotkania mo\u017cna um\u00f3wi\u0107\u00a0 telefonicznie (tel. 71-798 68 02, wew.113)<\/li>\n<\/ul>\n<p style=\"text-align: right\"><strong>Psycholog Katarzyna Drw\u0119cka<\/strong><\/p>\n<p>&nbsp;<\/p>\n<hr \/>\n<p>dokumenty:<\/p>\n<p><a href=\"https:\/\/przedszkole59.edu.wroclaw.pl\/wp-content\/uploads\/sites\/83\/2024\/03\/Jak_psycholog_moze_pomoc.pdf\" target=\"_blank\" rel=\"noopener\">Jak psycholog mo\u017ce pom\u00f3c.pdf (349 KB)<\/a><\/p>\n<p><a href=\"https:\/\/przedszkole59.edu.wroclaw.pl\/wp-content\/uploads\/sites\/83\/2024\/03\/przykladowe_cwiczenia_wspomagajace_koncentracje.pdf\" target=\"_blank\" rel=\"noopener\">przykladowe \u0107wiczenia wspomagaj\u0105ce koncentracj\u0119.pdf (175 KB)<\/a><\/p>\n<p><a href=\"https:\/\/przedszkole59.edu.wroclaw.pl\/wp-content\/uploads\/sites\/83\/2024\/03\/Jak_rozwijac_koncentracje_uwagi_u_dziecka_na_strone.pdf\" target=\"_blank\" rel=\"noopener\">Jak rozwija\u0107 koncentracj\u0119.pdf (281 KB)<\/a><\/p>\n","protected":false},"excerpt":{"rendered":"<p>\u200b\u200b\u200b\u200b\u200b\u200b\u200b\u200b\u200b\u200b\u200b\u200b\u200b\u200bOd wrze\u015bnia 2023 roku w naszym przedszkolu zosta\u0142 zatrudniony dodatkowy specjalista-psycholog- p. Katarzyna Drw\u0119cka. Obejmuje swoj\u0105 pomoc\u0105 nie tylko dzieci, ale r\u00f3wnie\u017c s\u0142u\u017cy wsparciem rodzicom i wychowawcom. Zapraszam do kontaktu [&hellip;]<\/p>\n","protected":false},"author":7,"featured_media":0,"parent":0,"menu_order":0,"comment_status":"closed","ping_status":"closed","template":"","meta":{"footnotes":""},"class_list":["post-251","page","type-page","status-publish","hentry","clearfix"],"_links":{"self":[{"href":"https:\/\/przedszkole59.edu.wroclaw.pl\/index.php\/wp-json\/wp\/v2\/pages\/251","targetHints":{"allow":["GET"]}}],"collection":[{"href":"https:\/\/przedszkole59.edu.wroclaw.pl\/index.php\/wp-json\/wp\/v2\/pages"}],"about":[{"href":"https:\/\/przedszkole59.edu.wroclaw.pl\/index.php\/wp-json\/wp\/v2\/types\/page"}],"author":[{"embeddable":true,"href":"https:\/\/przedszkole59.edu.wroclaw.pl\/index.php\/wp-json\/wp\/v2\/users\/7"}],"replies":[{"embeddable":true,"href":"https:\/\/przedszkole59.edu.wroclaw.pl\/index.php\/wp-json\/wp\/v2\/comments?post=251"}],"version-history":[{"count":5,"href":"https:\/\/przedszkole59.edu.wroclaw.pl\/index.php\/wp-json\/wp\/v2\/pages\/251\/revisions"}],"predecessor-version":[{"id":2166,"href":"https:\/\/przedszkole59.edu.wroclaw.pl\/index.php\/wp-json\/wp\/v2\/pages\/251\/revisions\/2166"}],"wp:attachment":[{"href":"https:\/\/przedszkole59.edu.wroclaw.pl\/index.php\/wp-json\/wp\/v2\/media?parent=251"}],"curies":[{"name":"wp","href":"https:\/\/api.w.org\/{rel}","templated":true}]}}