
{"id":5,"date":"2024-02-28T12:12:01","date_gmt":"2024-02-28T11:12:01","guid":{"rendered":"https:\/\/przedszkole59.edu.wroclaw.pl\/?page_id=5"},"modified":"2025-10-29T11:39:05","modified_gmt":"2025-10-29T10:39:05","slug":"strona-glowna","status":"publish","type":"page","link":"https:\/\/przedszkole59.edu.wroclaw.pl\/","title":{"rendered":"Strona g\u0142\u00f3wna"},"content":{"rendered":"<div class=\"wpb-content-wrapper\"><p>[vc_row css_animation=&#8221;zoomIn&#8221; css=&#8221;.vc_custom_1648796722481{margin-right: 40px !important;margin-left: 40px !important;}&#8221;][vc_column width=&#8221;1\/5&#8243;][vc_icon icon_fontawesome=&#8221;fas fa-home&#8221; color=&#8221;custom&#8221; background_style=&#8221;rounded-outline&#8221; background_color=&#8221;custom&#8221; size=&#8221;xl&#8221; align=&#8221;center&#8221; custom_color=&#8221;#575b00&#8243; custom_background_color=&#8221;#575b00&#8243; link=&#8221;url:%2Findex.php%2Fo-nas%2F|title:O%20nas&#8221;][vc_column_text css=&#8221;.vc_custom_1711104864455{margin-top: -40px !important;}&#8221;]<\/p>\n<h2 style=\"text-align: center;\"><span style=\"font-size: 20px; color: #a00050;\"><span style=\"color: #575b00;\">O nas<\/span><br \/>\n<\/span><\/h2>\n<p>[\/vc_column_text][\/vc_column][vc_column width=&#8221;1\/5&#8243;][vc_icon icon_fontawesome=&#8221;fas fa-book-reader&#8221; color=&#8221;custom&#8221; background_style=&#8221;rounded-outline&#8221; background_color=&#8221;custom&#8221; size=&#8221;xl&#8221; align=&#8221;center&#8221; custom_color=&#8221;#6300aa&#8221; custom_background_color=&#8221;#6300aa&#8221; link=&#8221;url:%2Findex.php%2Faktualnosci%2F|title:Aktualno%C5%9Bci&#8221;][vc_column_text css=&#8221;.vc_custom_1711105790458{margin-top: -40px !important;}&#8221;]<\/p>\n<h2 style=\"text-align: center;\"><span style=\"font-size: 20px; color: #6300aa;\">Aktualno\u015bci<\/span><\/h2>\n<p>[\/vc_column_text][\/vc_column][vc_column width=&#8221;1\/5&#8243;][vc_icon icon_fontawesome=&#8221;fas fa-utensils&#8221; color=&#8221;custom&#8221; background_style=&#8221;rounded-outline&#8221; background_color=&#8221;custom&#8221; size=&#8221;xl&#8221; align=&#8221;center&#8221; custom_color=&#8221;#a30005&#8243; custom_background_color=&#8221;#a30005&#8243; link=&#8221;url:%2Findex.php%2Fjadlospis%2F|title:Jad%C5%82ospis&#8221;][vc_column_text css=&#8221;.vc_custom_1711105122587{margin-top: -40px !important;}&#8221;]<\/p>\n<h2 style=\"text-align: center;\"><span style=\"font-size: 20px; color: #a30005;\">Jad\u0142ospis<\/span><\/h2>\n<p>[\/vc_column_text][\/vc_column][vc_column width=&#8221;1\/5&#8243;][vc_icon icon_fontawesome=&#8221;fas fa-layer-group&#8221; color=&#8221;custom&#8221; background_style=&#8221;rounded-outline&#8221; background_color=&#8221;custom&#8221; size=&#8221;xl&#8221; align=&#8221;center&#8221; custom_color=&#8221;#036600&#8243; custom_background_color=&#8221;#036600&#8243; link=&#8221;url:%2Findex.php%2Frodo%2F|title:RODO&#8221;][vc_column_text css=&#8221;.vc_custom_1711105733149{margin-top: -40px !important;}&#8221;]<\/p>\n<h2 style=\"text-align: center;\"><span style=\"font-size: 20px; color: #036600;\">RODO<\/span><\/h2>\n<p>[\/vc_column_text][\/vc_column][vc_column width=&#8221;1\/5&#8243;][vc_icon icon_fontawesome=&#8221;fas fa-user-graduate&#8221; color=&#8221;custom&#8221; background_style=&#8221;rounded-outline&#8221; background_color=&#8221;custom&#8221; size=&#8221;xl&#8221; align=&#8221;center&#8221; custom_color=&#8221;#1e73be&#8221; custom_background_color=&#8221;#1e73be&#8221; link=&#8221;url:%2Findex.php%2Frekrutacja%2F|title:Rekrutacja&#8221;][vc_column_text css=&#8221;.vc_custom_1686898790756{margin-top: -40px !important;}&#8221;]<\/p>\n<h2 style=\"text-align: center;\"><span style=\"font-size: 20px; color: #1e73be;\">Rekrutacja<\/span><\/h2>\n<p>[\/vc_column_text][\/vc_column][\/vc_row][vc_row][vc_column width=&#8221;1\/12&#8243;][\/vc_column][vc_column width=&#8221;1\/2&#8243;][vc_wp_text]<\/p>\n<h1 style=\"text-align: center;\"><span style=\"font-size: 60px;\">O Przedszkolu<\/span><\/h1>\n<p>[\/vc_wp_text][vc_separator color=&#8221;custom&#8221; border_width=&#8221;4&#8243; el_width=&#8221;50&#8243; css=&#8221;.vc_custom_1709731985829{margin-top: -30px !important;}&#8221; accent_color=&#8221;#3b6a94&#8243;][vc_wp_text]Przedszkole nr 59 &#8222;U Krasnala pod Narcyzem&#8221; to miejsce pe\u0142ne historii i uroku, kt\u00f3re dzia\u0142a nieprzerwanie od 1950 roku. Po gruntownym remoncie w 2008 roku, przedszkole zyska\u0142o now\u0105 nazw\u0119 \u201eU krasnala pod Narcyzem\u201d a przed g\u0142\u00f3wnym wej\u015bciem do przedszkola zamieszka\u0142 Krasnal Narcy\u015b, kt\u00f3rego autork\u0105 i\u00a0wykonawczyni\u0105\u00a0 jest\u00a0 pani Beata Zwola\u0144ska-Ho\u0142od.<\/p>\n<p>Po\u0142o\u017cone na zielonym osiedlu Grabiszynek, nasze przedszkole otacza przestronny, zadrzewiony ogr\u00f3d. Dzieci mog\u0105 tu swobodnie bawi\u0107 si\u0119 na nowoczesnym placu zabaw wyposa\u017conym w urz\u0105dzenia jordanowskie, zje\u017cd\u017calnie, piaskownic\u0119, g\u00f3rk\u0119 i\u00a0amfiteatr.<\/p>\n<p>Nasz dwukondygnacyjny budynek zapewnia dzieciom przyjazn\u0105 przestrze\u0144 do nauki i zabawy. Przedszkole jest \u015bwietnie skomunikowane, znajduje si\u0119 w pobli\u017cu ulic Hallera, In\u017cynierskiej i Alei Pracy, a jednocze\u015bnie jest usytuowane w spokojnej okolicy, z dala od miejskiego zgie\u0142ku. W s\u0105siedztwie znajduje si\u0119 r\u00f3wnie\u017c Szko\u0142a Podstawowa nr 109 co u\u0142atwia przysz\u0142\u0105 adaptacj\u0119 dzieci. W\u00a0 przedszkolu dzieci prze\u017cywaj\u0105 niezwyk\u0142\u0105 przygod\u0119 ka\u017cdego dnia. Rozwijaj\u0105 swoj\u0105 ciekawo\u015b\u0107 \u015bwiata, odkrywaj\u0105c tajemnice przyrody w Deszczowym Ogrodzie i uprawiaj\u0105c warzywa w ekologicznym \u00a0ogr\u00f3deczku.<\/p>\n<p>W ciep\u0142ej i rodzinnej atmosferze, tworzonej przez do\u015bwiadczon\u0105 kadr\u0119 pedagogiczn\u0105, dzieci czuj\u0105 si\u0119 bezpiecznie i akceptowane. Wsp\u00f3\u0142pracujemy z rodzicami, organizuj\u0105c wsp\u00f3lne wydarzenia i warsztaty, by wsp\u00f3lnie tworzy\u0107 spo\u0142eczno\u015b\u0107 przedszkoln\u0105.[\/vc_wp_text][\/vc_column][vc_column width=&#8221;1\/3&#8243;][vc_empty_space height=&#8221;160px&#8221;][vc_single_image image=&#8221;314&#8243; img_size=&#8221;full&#8221; alignment=&#8221;center&#8221; css=&#8221;&#8221;][\/vc_column][\/vc_row][vc_row][vc_column width=&#8221;1\/12&#8243;][\/vc_column][vc_column width=&#8221;1\/2&#8243;][vc_wp_text]<\/p>\n<h1 style=\"text-align: center;\"><span style=\"font-size: 60px;\">Zaplecze<\/span><\/h1>\n<p>[\/vc_wp_text][vc_separator color=&#8221;custom&#8221; border_width=&#8221;4&#8243; el_width=&#8221;50&#8243; css=&#8221;.vc_custom_1709732081069{margin-top: -30px !important;}&#8221; accent_color=&#8221;#3b6a94&#8243;][vc_wp_text]<strong>Parter:<\/strong> To tutaj znajduje si\u0119 g\u0142\u00f3wne wej\u015bcie do naszego przedszkola, przytulna szatnia, gdzie dzieci mog\u0105 wygodnie przebra\u0107 si\u0119 w swoje ulubione stroje na zabaw\u0119. Sale zaj\u0119\u0107 dla starszak\u00f3w (5 i 6-latk\u00f3w) s\u0105 przestronne i kolorowe, wyposa\u017cone w\u00a0nowoczesne meble oraz bogate pomoce dydaktyczne, kt\u00f3re stymuluj\u0105 rozw\u00f3j poznawczy i kreatywno\u015b\u0107. Na parterze mie\u015bci si\u0119 r\u00f3wnie\u017c szatnia dla personelu, kancelaria, pok\u00f3j intendentki oraz pomieszczenia gospodarcze, takie jak zmywalnia<br \/>\ni wydawalnia posi\u0142k\u00f3w.<\/p>\n<p><strong>Pi\u0119tro:<\/strong> Na pi\u0119trze czekaj\u0105 na najm\u0142odszych (3 i 4-latk\u00f3w) przytulne sale zaj\u0119\u0107, gdzie mog\u0105 swobodnie bawi\u0107 si\u0119 i poznawa\u0107 \u015bwiat. Dodatkowo, na tym pi\u0119trze znajduje si\u0119 przestronna sala rekreacyjna, idealna do wsp\u00f3lnych zabaw i aktywno\u015bci ruchowych. Tu\u017c obok znajduje si\u0119 nowoczesna kuchnia, w kt\u00f3rej przygotowywane s\u0105 pyszne i\u00a0zdrowe posi\u0142ki dla naszych podopiecznych.<\/p>\n<p>Wszystkie sale s\u0105 przestronne i doskonale o\u015bwietlone, wyposa\u017cone w nowe, bezpieczne meble oraz r\u00f3\u017cnorodne zabawki i pomoce dydaktyczne, kt\u00f3re stymuluj\u0105 rozw\u00f3j dzieci na wielu p\u0142aszczyznach. W ka\u017cdej sali znajduje si\u0119 k\u0105cik z ksi\u0105\u017ceczkami, a\u00a0tak\u017ce pojemniki z wod\u0105 , dzi\u0119ki czemu dzieci maj\u0105 sta\u0142y dost\u0119p do wody.[\/vc_wp_text][\/vc_column][vc_column width=&#8221;1\/3&#8243;][vc_empty_space height=&#8221;160px&#8221;][vc_single_image image=&#8221;267&#8243; img_size=&#8221;full&#8221; alignment=&#8221;center&#8221; css=&#8221;&#8221;][\/vc_column][\/vc_row][vc_row][vc_column width=&#8221;1\/12&#8243;][\/vc_column][vc_column width=&#8221;1\/2&#8243;][vc_wp_text]<\/p>\n<h1 style=\"text-align: center;\"><span style=\"font-size: 60px;\">Jad\u0142ospis<\/span><\/h1>\n<p>[\/vc_wp_text][vc_separator color=&#8221;custom&#8221; border_width=&#8221;4&#8243; el_width=&#8221;50&#8243; css=&#8221;.vc_custom_1709732081069{margin-top: -30px !important;}&#8221; accent_color=&#8221;#3b6a94&#8243;][vc_wp_text]Dbaj\u0105c o zdrowie naszych najm\u0142odszych! Codziennie serwujemy dzieciom pyszne i\u00a0po\u017cywne posi\u0142ki, przygotowywane wed\u0142ug zbilansowanego jad\u0142ospisu opracowanego przez do\u015bwiadczony zesp\u00f3\u0142 . Nasze menu jest niezwykle urozmaicone i obfituje<br \/>\nw \u015bwie\u017ce, sezonowe warzywa i owoce, a tak\u017ce pe\u0142noziarniste produkty. Dzi\u0119ki temu maluchy poznaj\u0105 nowe smaki i rozwijaj\u0105 zdrowe nawyki \u017cywieniowe. Dodatkowo, organizujemy kolorowe sto\u0142y szwedzkie, podczas kt\u00f3rych dzieci same mog\u0105 komponowa\u0107 swoje posi\u0142ki, co sprzyja samodzielno\u015bci i rozwija ich zmys\u0142 smaku. Jad\u0142ospis jest dost\u0119pny dla rodzic\u00f3w przy wej\u015bciu do przedszkola , aby mogli Pa\u0144stwo \u015bledzi\u0107, co jedz\u0105 Wasze pociechy.&#8221;[\/vc_wp_text][\/vc_column][vc_column width=&#8221;1\/3&#8243;][vc_empty_space height=&#8221;160px&#8221;][vc_single_image image=&#8221;2163&#8243; img_size=&#8221;full&#8221; alignment=&#8221;center&#8221; css=&#8221;&#8221;][\/vc_column][\/vc_row]<\/p>\n<\/div>","protected":false},"excerpt":{"rendered":"<p>[vc_row css_animation=&#8221;zoomIn&#8221; css=&#8221;.vc_custom_1648796722481{margin-right: 40px !important;margin-left: 40px !important;}&#8221;][vc_column width=&#8221;1\/5&#8243;][vc_icon icon_fontawesome=&#8221;fas fa-home&#8221; color=&#8221;custom&#8221; background_style=&#8221;rounded-outline&#8221; background_color=&#8221;custom&#8221; size=&#8221;xl&#8221; align=&#8221;center&#8221; custom_color=&#8221;#575b00&#8243; custom_background_color=&#8221;#575b00&#8243; link=&#8221;url:%2Findex.php%2Fo-nas%2F|title:O%20nas&#8221;][vc_column_text css=&#8221;.vc_custom_1711104864455{margin-top: -40px !important;}&#8221;] O nas [\/vc_column_text][\/vc_column][vc_column width=&#8221;1\/5&#8243;][vc_icon icon_fontawesome=&#8221;fas fa-book-reader&#8221; color=&#8221;custom&#8221; background_style=&#8221;rounded-outline&#8221; background_color=&#8221;custom&#8221; [&hellip;]<\/p>\n","protected":false},"author":7,"featured_media":0,"parent":0,"menu_order":0,"comment_status":"closed","ping_status":"closed","template":"","meta":{"footnotes":""},"class_list":["post-5","page","type-page","status-publish","hentry","clearfix"],"_links":{"self":[{"href":"https:\/\/przedszkole59.edu.wroclaw.pl\/index.php\/wp-json\/wp\/v2\/pages\/5","targetHints":{"allow":["GET"]}}],"collection":[{"href":"https:\/\/przedszkole59.edu.wroclaw.pl\/index.php\/wp-json\/wp\/v2\/pages"}],"about":[{"href":"https:\/\/przedszkole59.edu.wroclaw.pl\/index.php\/wp-json\/wp\/v2\/types\/page"}],"author":[{"embeddable":true,"href":"https:\/\/przedszkole59.edu.wroclaw.pl\/index.php\/wp-json\/wp\/v2\/users\/7"}],"replies":[{"embeddable":true,"href":"https:\/\/przedszkole59.edu.wroclaw.pl\/index.php\/wp-json\/wp\/v2\/comments?post=5"}],"version-history":[{"count":38,"href":"https:\/\/przedszkole59.edu.wroclaw.pl\/index.php\/wp-json\/wp\/v2\/pages\/5\/revisions"}],"predecessor-version":[{"id":6012,"href":"https:\/\/przedszkole59.edu.wroclaw.pl\/index.php\/wp-json\/wp\/v2\/pages\/5\/revisions\/6012"}],"wp:attachment":[{"href":"https:\/\/przedszkole59.edu.wroclaw.pl\/index.php\/wp-json\/wp\/v2\/media?parent=5"}],"curies":[{"name":"wp","href":"https:\/\/api.w.org\/{rel}","templated":true}]}}