
{"id":5665,"date":"2025-10-08T10:26:57","date_gmt":"2025-10-08T08:26:57","guid":{"rendered":"https:\/\/przedszkole59.edu.wroclaw.pl\/?page_id=5665"},"modified":"2025-10-09T18:17:21","modified_gmt":"2025-10-09T16:17:21","slug":"dokumenty","status":"publish","type":"page","link":"https:\/\/przedszkole59.edu.wroclaw.pl\/index.php\/dokumenty\/","title":{"rendered":"Dokumenty"},"content":{"rendered":"<p>Numer konta Rady Rodzic\u00f3w Przedszkola nr 59 we Wroc\u0142awiu: 08 1240 6670 1111 0010 3864 5841<\/p>\n<p><a href=\"https:\/\/przedszkole59.edu.wroclaw.pl\/index.php\/2025\/01\/02\/oswiadczenia-rodzicow-zamieszkujacych-inna-gmine-niz-gmina-wroclaw-w-okresie-grudzien-2024-r\/\" target=\"_top\">O\u015bwiadczenia rodzic\u00f3w zamieszkuj\u0105cych inn\u0105 gmin\u0119 ni\u017c gmina Wroc\u0142aw w okresie grudzie\u0144 2024 r.<\/a><\/p>\n<p><a href=\"https:\/\/przedszkole59.edu.wroclaw.pl\/wp-content\/uploads\/sites\/83\/2025\/08\/Zalacznik-nr-2.pdf\"><strong>REGULAMIN\u00a0\u00a0 KORZYSTANIA\u00a0 Z PLACU\u00a0 ZABAW <\/strong><strong>PRZEDSZKOLA\u00a0 nr\u00a0 59\u00a0 \u201eU\u00a0 KRASNALA\u00a0 POD\u00a0 NARCYZEM\u201d<\/strong><\/a><\/p>\n<p><a href=\"https:\/\/przedszkole59.edu.wroclaw.pl\/wp-content\/uploads\/sites\/83\/2025\/08\/Zalacznik-nr-1.pdf\"><strong>ZWOLNIENIA\u00a0 Z\u00a0 OP\u0141ATY\u00a0 STA\u0141EJ<\/strong><\/a><\/p>\n<p><a href=\"https:\/\/przedszkole59.edu.wroclaw.pl\/wp-content\/uploads\/sites\/83\/2024\/08\/STANDARDY-OCHRONY-DZIECI-PRZED-AGRESJA-I-KRZYWDZENIEM-W-PRZEDSZKOLU-NR-59-WE-WROCLAWIU-13.docx\">STANDARDY OCHRONY DZIECI PRZED AGRESJ\u0104 I KRZYWDZENIEM W PRZEDSZKOLU NR 59 WE WROC\u0141AWIU<\/a><\/p>\n","protected":false},"excerpt":{"rendered":"<p>Numer konta Rady Rodzic\u00f3w Przedszkola nr 59 we Wroc\u0142awiu: 08 1240 6670 1111 0010 3864 5841 O\u015bwiadczenia rodzic\u00f3w zamieszkuj\u0105cych inn\u0105 gmin\u0119 ni\u017c gmina Wroc\u0142aw w okresie grudzie\u0144 2024 r. REGULAMIN\u00a0\u00a0 [&hellip;]<\/p>\n","protected":false},"author":7,"featured_media":0,"parent":0,"menu_order":0,"comment_status":"closed","ping_status":"closed","template":"","meta":{"footnotes":""},"class_list":["post-5665","page","type-page","status-publish","hentry","clearfix"],"_links":{"self":[{"href":"https:\/\/przedszkole59.edu.wroclaw.pl\/index.php\/wp-json\/wp\/v2\/pages\/5665","targetHints":{"allow":["GET"]}}],"collection":[{"href":"https:\/\/przedszkole59.edu.wroclaw.pl\/index.php\/wp-json\/wp\/v2\/pages"}],"about":[{"href":"https:\/\/przedszkole59.edu.wroclaw.pl\/index.php\/wp-json\/wp\/v2\/types\/page"}],"author":[{"embeddable":true,"href":"https:\/\/przedszkole59.edu.wroclaw.pl\/index.php\/wp-json\/wp\/v2\/users\/7"}],"replies":[{"embeddable":true,"href":"https:\/\/przedszkole59.edu.wroclaw.pl\/index.php\/wp-json\/wp\/v2\/comments?post=5665"}],"version-history":[{"count":4,"href":"https:\/\/przedszkole59.edu.wroclaw.pl\/index.php\/wp-json\/wp\/v2\/pages\/5665\/revisions"}],"predecessor-version":[{"id":5691,"href":"https:\/\/przedszkole59.edu.wroclaw.pl\/index.php\/wp-json\/wp\/v2\/pages\/5665\/revisions\/5691"}],"wp:attachment":[{"href":"https:\/\/przedszkole59.edu.wroclaw.pl\/index.php\/wp-json\/wp\/v2\/media?parent=5665"}],"curies":[{"name":"wp","href":"https:\/\/api.w.org\/{rel}","templated":true}]}}