
{"id":6376,"date":"2026-01-23T08:24:03","date_gmt":"2026-01-23T07:24:03","guid":{"rendered":"https:\/\/przedszkole59.edu.wroclaw.pl\/?page_id=6376"},"modified":"2026-01-23T19:07:23","modified_gmt":"2026-01-23T18:07:23","slug":"ksef","status":"publish","type":"page","link":"https:\/\/przedszkole59.edu.wroclaw.pl\/index.php\/ksef\/","title":{"rendered":"KSeF"},"content":{"rendered":"<h2>KSeF<\/h2>\n<div>\n<div>\n<p data-end=\"1464\" data-start=\"1374\"><strong data-end=\"1464\" data-start=\"1374\">KSeF \u2013 wystawianie faktur dla Przedszkola nr 59 \u201eU Krasnala pod Narcyzem\u201d we Wroc\u0142awiu<\/strong><\/p>\n<p data-end=\"1660\" data-start=\"1466\">W zwi\u0105zku z wej\u015bciem w \u017cycie obowi\u0105zku otrzymywania faktur za po\u015brednictwem Krajowego Systemu e-Faktur (KSeF), prosimy o wystawianie faktur za \u015bwiadczone us\u0142ugi lub dostawy w nast\u0119puj\u0105cy spos\u00f3b.<\/p>\n<p data-end=\"1660\" data-start=\"1466\">\n<p data-end=\"1660\" data-start=\"1466\"><u><strong>Nabywca:<\/strong><\/u><br \/>\nGmina Wroc\u0142aw, NIP 897 13 83 551<br \/>\nplac Nowy Targ 1-8, 50-141 Wroc\u0142aw<\/p>\n<p data-end=\"1660\" data-start=\"1466\">\n<p><u><strong>Podmiot inny:<\/strong><\/u><br \/>\n<em>Przedszkole nr 59 \u201eU Krasnala pod Narcyzem,<br \/>\nNarcyzowa 6 53-225 Wroc\u0142aw, NIP: 8942565999\u201d<\/em><\/p>\n<p>&nbsp;<\/p>\n<p>Je\u017celi faktura zostanie wystawiona w powy\u017cszy spos\u00f3b (tj. zawiera\u0107 b\u0119dzie dwa numery NIP: Gminy Wroc\u0142aw oraz jednostki), faktura trafi z KSeF bezpo\u015brednio do w\u0142a\u015bciwej jednostki.<br data-end=\"2091\" data-start=\"2088\" \/>Brak numeru NIP jednostki na fakturze mo\u017ce utrudni\u0107 i wyd\u0142u\u017cy\u0107 proces jej przydzielenia do odpowiedniej jednostki.<\/p>\n<p>&nbsp;<\/p>\n<p><strong data-end=\"2280\" data-start=\"2207\">Prosimy r\u00f3wnie\u017c o umieszczanie na fakturze numeru umowy \/ zam\u00f3wienia.<\/strong><\/p>\n<p>&nbsp;<\/p>\n<p>Powy\u017csze zasady dotycz\u0105 faktur wystawianych za po\u015brednictwem KSeF od dnia <strong data-end=\"2376\" data-start=\"2356\">1 lutego 2026 r.<\/strong><\/p>\n<\/div>\n<\/div>\n","protected":false},"excerpt":{"rendered":"<p>KSeF KSeF \u2013 wystawianie faktur dla Przedszkola nr 59 \u201eU Krasnala pod Narcyzem\u201d we Wroc\u0142awiu W zwi\u0105zku z wej\u015bciem w \u017cycie obowi\u0105zku otrzymywania faktur za po\u015brednictwem Krajowego Systemu e-Faktur (KSeF), [&hellip;]<\/p>\n","protected":false},"author":7,"featured_media":0,"parent":0,"menu_order":0,"comment_status":"closed","ping_status":"closed","template":"","meta":{"footnotes":""},"class_list":["post-6376","page","type-page","status-publish","hentry","clearfix"],"_links":{"self":[{"href":"https:\/\/przedszkole59.edu.wroclaw.pl\/index.php\/wp-json\/wp\/v2\/pages\/6376","targetHints":{"allow":["GET"]}}],"collection":[{"href":"https:\/\/przedszkole59.edu.wroclaw.pl\/index.php\/wp-json\/wp\/v2\/pages"}],"about":[{"href":"https:\/\/przedszkole59.edu.wroclaw.pl\/index.php\/wp-json\/wp\/v2\/types\/page"}],"author":[{"embeddable":true,"href":"https:\/\/przedszkole59.edu.wroclaw.pl\/index.php\/wp-json\/wp\/v2\/users\/7"}],"replies":[{"embeddable":true,"href":"https:\/\/przedszkole59.edu.wroclaw.pl\/index.php\/wp-json\/wp\/v2\/comments?post=6376"}],"version-history":[{"count":3,"href":"https:\/\/przedszkole59.edu.wroclaw.pl\/index.php\/wp-json\/wp\/v2\/pages\/6376\/revisions"}],"predecessor-version":[{"id":6380,"href":"https:\/\/przedszkole59.edu.wroclaw.pl\/index.php\/wp-json\/wp\/v2\/pages\/6376\/revisions\/6380"}],"wp:attachment":[{"href":"https:\/\/przedszkole59.edu.wroclaw.pl\/index.php\/wp-json\/wp\/v2\/media?parent=6376"}],"curies":[{"name":"wp","href":"https:\/\/api.w.org\/{rel}","templated":true}]}}