
{"id":74,"date":"2024-03-22T13:29:00","date_gmt":"2024-03-22T12:29:00","guid":{"rendered":"https:\/\/przedszkole59.edu.wroclaw.pl\/?page_id=74"},"modified":"2025-08-29T20:13:48","modified_gmt":"2025-08-29T18:13:48","slug":"o-nas","status":"publish","type":"page","link":"https:\/\/przedszkole59.edu.wroclaw.pl\/index.php\/o-nas\/","title":{"rendered":"O nas"},"content":{"rendered":"<div class=\"wpb-content-wrapper\"><p>[vc_row][vc_column width=&#8221;1\/12&#8243;][\/vc_column][vc_column width=&#8221;1\/2&#8243;][vc_column_text css=&#8221;&#8221;]Przedszkole czynne jest od poniedzia\u0142ku do pi\u0105tku w godz. 6:45 \u2013 17,\u00a0 w tym czasie odbywaj\u0105 si\u0119 zaj\u0119cia planowane i inspirowane przez nauczycielki oraz podejmowane z inicjatywy dzieci. W pracy dydaktycznej i wychowawczej preferuje si\u0119 otwarty styl i aktywne metody, tworzone s\u0105 sytuacje edukacyjne, kt\u00f3re dodatnio koreluj\u0105 z potrzebami dzieci i wyzwalaj\u0105 ich potencja\u0142 tw\u00f3rczy. Odbywaj\u0105 si\u0119 tak\u017ce zaj\u0119cia indywidualne i grupowe w ramach pomocy psychologiczno \u2013 pedagogicznej. Cech\u0105 charakterystyczn\u0105 naszego przedszkola jest promocja zdrowia \u2013 posiadamy Certyfikat Przedszkola Promuj\u0105cego Zdrowie a tak\u017ce wspomaganie rodzic\u00f3w w oddzia\u0142ywaniach wychowawczych.<\/p>\n<p>Wszystkie zatrudnione w przedszkolu nauczycielki posiadaj\u0105 wykszta\u0142cenie wy\u017csze pedagogiczne, kilka z nich posiada tak\u017ce dyplomy uko\u0144czenia studi\u00f3w podyplomowych. Swoj\u0105 wiedz\u0119 i umiej\u0119tno\u015bci poszerzaj\u0105 na kursach doskonal\u0105cych oraz na szkoleniowych radach pedagogicznych.<br \/>\nW przedszkolu zatrudnieni s\u0105 nauczyciele specjali\u015bci: psycholog, pedagog specjalny, logopeda, nauczyciel j\u0119zyka angielskiego, \u00a0nauczyciel gimnastyki korekcyjnej, nauczyciel religii.<\/p>\n<p>W godzinach rannych odbywaj\u0105 si\u0119 najcz\u0119\u015bciej zabawy indywidualne lub zespo\u0142owe o charakterze organizacyjnym, integracyjnym, korekcyjno \u2013 kompensacyjnym, porz\u0105dkowym, kt\u00f3re prowadz\u0105 nauczycielki poszczeg\u00f3lnych oddzia\u0142\u00f3w w zale\u017cno\u015bci od potrzeb wychowank\u00f3w. Do po\u0142udnia nauczycielki proponuj\u0105 dzieciom r\u00f3\u017cnorodne sytuacje edukacyjne poprzez kt\u00f3re realizuj\u0105 program wychowania przedszkolnego ( m.in. zaj\u0119cia z elementami muzykoterapii, bajek bajek relaksacyjnych, treningu uwa\u017cno\u015bci i z elementami integracji sensorycznej ). W tym czasie prowadzone s\u0105 tak\u017ce zaj\u0119cia specjalistyczne:\u00a0 gimnastyka korekcyjna, \u201eMali Wspaniali\u201d \u2013 zaj\u0119cia sportowe z elementami karate, Muzyczne Inspiracje \u2013 zaj\u0119cia z elementami rytmiki. Czas popo\u0142udniowy wype\u0142niaj\u0105 natomiast zabawy inicjowane przez dzieci oraz\u00a0 zaj\u0119cia nieobowi\u0105zkowe rozwijaj\u0105ce zainteresowania dzieci takie jak: warsztaty szachowe, robotyka, zaj\u0119cia matematyczne, dodatkowe zaj\u0119cia j\u0119zykowe \u2013 angielski dla ch\u0119tnych. W ci\u0105gu dnia tak\u017ce odbywaj\u0105 si\u0119 zaj\u0119cia indywidualne i grupowe z psychologiem, pedagogiem i logoped\u0105. Posiadamy Certyfikat Lidera Edukacji \u2013 za tworzenie\u00a0 dzieciom wielu okazji do nauki w ruchu w ci\u0105gu dnia.<\/p>\n<p>Do przedszkola zapraszamy minimum dwa razy w miesi\u0105cu artyst\u00f3w: muzyk\u00f3w, aktor\u00f3w z przygotowanymi specjalnie dla dzieci przedstawieniami i koncertami. Ponadto grupy starsze bior\u0105 udzia\u0142 w przedstawieniach w Teatrze Lalek, Teatrze Muzycznym oraz w wystawach muzealnych. Z uwagi na du\u017cy, \u00a0w wi\u0119kszo\u015bci zadrzewiony, bezpieczny teren wok\u00f3\u0142 przedszkola, w czasie odpowiednich warunk\u00f3w atmosferycznych dzieci du\u017c\u0105 cz\u0119\u015b\u0107 dnia sp\u0119dzaj\u0105 w ogrodzie, kt\u00f3ry \u00a0wyposa\u017cony jest w sprz\u0119t jordanowski, piaskownic\u0119, g\u00f3rk\u0119, amfiteatr, sto\u0142y i \u0142awki. \u00a0Ogr\u00f3d pe\u0142ni tak\u017ce funkcje edukacyjne, cz\u0119\u015b\u0107 jest wydzielona na \u201eOgr\u00f3d deszczowy oraz na \u201eOgr\u00f3d warzywny\u201d, w kt\u00f3rym ka\u017cda grupa prowadzi swoje uprawy. Nasz pi\u0119kny du\u017cy ogr\u00f3d jest tak\u017ce miejscem spotka\u0144 rodzinnych podczas piknik\u00f3w i festyn\u00f3w.<\/p>\n<p>W przedszkolu posi\u0142ki przygotowywane s\u0105 na miejscu w nowoczesnej kuchni zgodne z diet\u0105 og\u00f3ln\u0105 dla dzieci przedszkolnych . Przedszkole posiada Certyfikat \u201eSto\u0142\u00f3wka z certyfikatem zdrowego i racjonalnego \u017cywienia \u201e<\/p>\n<p>&nbsp;<\/p>\n<p>W ka\u017cdej sali znajduj\u0105 si\u0119 pojemniki z wod\u0105 mineraln\u0105, kt\u00f3r\u0105 dzieci mog\u0105 spo\u017cywa\u0107 w ka\u017cdej chwili.[\/vc_column_text][\/vc_column][vc_column width=&#8221;1\/3&#8243;][vc_single_image image=&#8221;311&#8243; img_size=&#8221;full&#8221; alignment=&#8221;center&#8221; css=&#8221;&#8221;][\/vc_column][\/vc_row][vc_row][vc_column css=&#8221;.vc_custom_1711112294776{background: #01917e url(https:\/\/przedszkola.edu.wroclaw.pl\/wp-content\/uploads\/sites\/30\/2021\/06\/tlo.png?id=) !important;}&#8221;][vc_tta_tabs color=&#8221;white&#8221; active_section=&#8221;1&#8243; css=&#8221;.vc_custom_1711537617680{margin-left: 25px !important;}&#8221;][vc_tta_section title=&#8221;Kadra&#8221; tab_id=&#8221;1639049053938-2158331f-e811&#8243;][vc_row_inner][vc_column_inner][vc_cta h2=&#8221;Dyrektor&#8221; txt_align=&#8221;center&#8221; style=&#8221;flat&#8221; color=&#8221;grey&#8221;]<span style=\"color: #000000\"><strong>Renata Nowak<\/strong><\/span><br \/>\n<span style=\"color: #000000\">Wychowawca gr. I<\/span>[\/vc_cta][\/vc_column_inner][\/vc_row_inner][vc_row_inner][vc_column_inner width=&#8221;1\/4&#8243;][vc_cta h2=&#8221;&#8221; txt_align=&#8221;center&#8221; style=&#8221;flat&#8221; color=&#8221;grey&#8221; css=&#8221;&#8221;]<span style=\"color: #000000\"><strong>Natalia Zieli\u0144ska\u00a0<\/strong><\/span><br \/>\n<span style=\"color: #000000\">Wychowawca gr.I<\/span><br \/>\n<code>\u00a0<\/code>[\/vc_cta][\/vc_column_inner][vc_column_inner width=&#8221;1\/4&#8243;][vc_cta h2=&#8221;&#8221; txt_align=&#8221;center&#8221; style=&#8221;flat&#8221; color=&#8221;grey&#8221; css=&#8221;&#8221;]<span style=\"color: #000000\"><strong>Janina Iwaniec<\/strong><\/span><br \/>\n<span style=\"color: #000000\">Wychowawca gr. I<\/span><br \/>\n<span style=\"color: #000000\"><br \/>\n<\/span><\/p>\n<p>Wicedyrektor[\/vc_cta][\/vc_column_inner][vc_column_inner width=&#8221;1\/4&#8243;][vc_cta h2=&#8221;&#8221; txt_align=&#8221;center&#8221; style=&#8221;flat&#8221; color=&#8221;grey&#8221; css=&#8221;&#8221;]<span style=\"color: #000000\"><strong>Kamila Synowiec<\/strong>\u00a0<\/span><br \/>\n<span style=\"color: #000000\"> Wychowawca gr. II <\/span>[\/vc_cta][\/vc_column_inner][vc_column_inner width=&#8221;1\/4&#8243;][vc_cta h2=&#8221;&#8221; txt_align=&#8221;center&#8221; style=&#8221;flat&#8221; color=&#8221;grey&#8221; css=&#8221;&#8221;]<span style=\"color: #000000\"><strong>El\u017cbieta Kubska<\/strong><\/span><br \/>\n<span style=\"color: #000000\">Wychowawca gr. II<\/span><\/p>\n<p>[\/vc_cta][\/vc_column_inner][\/vc_row_inner][vc_row_inner][vc_column_inner width=&#8221;1\/4&#8243;][vc_cta h2=&#8221;&#8221; txt_align=&#8221;center&#8221; style=&#8221;flat&#8221; color=&#8221;grey&#8221; css=&#8221;&#8221;]<strong><span style=\"color: #000000\">Magdalena Klasztorycka\u00a0<\/span><\/strong><br \/>\n<span style=\"color: #000000\">Wychowawca gr. III<\/span><br \/>\n<code>\u00a0<\/code>[\/vc_cta][\/vc_column_inner][vc_column_inner width=&#8221;1\/4&#8243;][vc_cta h2=&#8221;&#8221; txt_align=&#8221;center&#8221; style=&#8221;flat&#8221; color=&#8221;grey&#8221; css=&#8221;&#8221;]<strong><span style=\"color: #000000\">Anna Gawlicka<\/span><\/strong><br \/>\n<span style=\"color: #000000\">Wychowawca gr. III<\/span>[\/vc_cta][\/vc_column_inner][vc_column_inner width=&#8221;1\/4&#8243;][vc_cta h2=&#8221;&#8221; txt_align=&#8221;center&#8221; style=&#8221;flat&#8221; color=&#8221;grey&#8221; css=&#8221;&#8221;]<strong><span style=\"color: #000000\">Gra\u017cyna K\u0119dro\u0144\u00a0<\/span><\/strong><br \/>\n<span style=\"color: #000000\">Wychowawca gr. IV<\/span>[\/vc_cta][\/vc_column_inner][vc_column_inner width=&#8221;1\/4&#8243;][vc_cta h2=&#8221;&#8221; txt_align=&#8221;center&#8221; style=&#8221;flat&#8221; color=&#8221;grey&#8221; css=&#8221;&#8221;]<strong><span style=\"color: #000000\">Agnieszka Krzemianowska<\/span><\/strong><\/p>\n<p><span style=\"color: #000000\">Wychowawca gr. IV<\/span><\/p>\n<p>Pedagog Specjalny[\/vc_cta][\/vc_column_inner][\/vc_row_inner][vc_row_inner][vc_column_inner width=&#8221;1\/4&#8243;][vc_cta h2=&#8221;&#8221; txt_align=&#8221;center&#8221; style=&#8221;flat&#8221; color=&#8221;grey&#8221; css=&#8221;&#8221;]<strong><span style=\"color: #000000\">Katarzyna Drw\u0119cka<\/span><\/strong><\/p>\n<p><span style=\"color: #000000\">Psycholog<\/span>[\/vc_cta][\/vc_column_inner][vc_column_inner width=&#8221;1\/4&#8243;][vc_cta h2=&#8221;&#8221; txt_align=&#8221;center&#8221; style=&#8221;flat&#8221; color=&#8221;grey&#8221; css=&#8221;&#8221;]<span style=\"color: #000000\"><strong>Aurelia Mi\u0105\u017cek<\/strong>\u00a0<\/span><br \/>\n<span style=\"color: #000000\"> Nauczyciel<br \/>\nj\u0119zyka angielskiego <\/span>[\/vc_cta][\/vc_column_inner][vc_column_inner width=&#8221;1\/4&#8243;][vc_cta h2=&#8221;&#8221; txt_align=&#8221;center&#8221; style=&#8221;flat&#8221; color=&#8221;grey&#8221; css=&#8221;&#8221;]<span style=\"color: #000000\"><strong>Krystyna Rutkowska\u00a0<\/strong><\/span><br \/>\n<span style=\"color: #000000\">Instruktor<br \/>\ngimnastyki korekcyjnej<\/span>[\/vc_cta][\/vc_column_inner][vc_column_inner width=&#8221;1\/4&#8243;][vc_cta h2=&#8221;&#8221; txt_align=&#8221;center&#8221; style=&#8221;flat&#8221; color=&#8221;grey&#8221; css=&#8221;&#8221;]<span style=\"color: #000000\"><strong> Natalia Szymk\u00f3w<\/strong><\/span><br \/>\n<span style=\"color: #000000\"> Logopeda <\/span>[\/vc_cta][\/vc_column_inner][\/vc_row_inner][\/vc_tta_section][vc_tta_section title=&#8221;Statut&#8221; tab_id=&#8221;1646740200586-5943685a-7b4b&#8221;][vc_column_text]<\/p>\n<h2 style=\"text-align: center\">Statut<\/h2>\n<p><a href=\"https:\/\/przedszkole59.edu.wroclaw.pl\/wp-content\/uploads\/sites\/83\/2024\/03\/Statut_P59_-_24.11.22.pdf\" target=\"_blank\" rel=\"noopener\">Statut-24.11.22.pdf (485 KB)<\/a>[\/vc_column_text][\/vc_tta_section][vc_tta_section title=&#8221;Ramowy rozk\u0142ad dnia&#8221; tab_id=&#8221;1646742116564-c0875922-38d1&#8243;][vc_column_text]<\/p>\n<h2 style=\"text-align: center\">Ramowy rozk\u0142ad dnia<\/h2>\n<p>W przedszkolu posi\u0142ki przygotowywane s\u0105 na miejscu w nowoczesnej kuchni.<br \/>\n<strong>Godziny posi\u0142k\u00f3w:<\/strong><br \/>\n\u015aniadanie\u00a0&#8211; godzina 8:30<br \/>\nZupa i deser\u00a0&#8211; godzina 11:30<br \/>\nDrugie danie\u00a0&#8211; 13:45<\/p>\n<p>W ka\u017cdej sali znajduj\u0105 si\u0119 pojemniki z wod\u0105 mineraln\u0105, kt\u00f3r\u0105 dzieci mog\u0105 spo\u017cywa\u0107 w ka\u017cdej chwili.[\/vc_column_text][\/vc_tta_section][vc_tta_section title=&#8221;Historia&#8221; tab_id=&#8221;1646742268757-2ebab149-9e67&#8243;][vc_column_text]<\/p>\n<h2 style=\"text-align: center\">Historia<\/h2>\n<p><span style=\"font-size: 24px\"><strong><img loading=\"lazy\" decoding=\"async\" class=\"aligncenter wp-image-104 size-full\" src=\"https:\/\/przedszkole59.edu.wroclaw.pl\/wp-content\/uploads\/sites\/83\/2024\/03\/p59.jpg\" alt=\"\" width=\"412\" height=\"296\" srcset=\"https:\/\/przedszkole59.edu.wroclaw.pl\/wp-content\/uploads\/sites\/83\/2024\/03\/p59.jpg 412w, https:\/\/przedszkole59.edu.wroclaw.pl\/wp-content\/uploads\/sites\/83\/2024\/03\/p59-300x216.jpg 300w\" sizes=\"auto, (max-width: 412px) 100vw, 412px\" \/><\/strong><\/span><\/p>\n<p><span style=\"font-size: 24px\"><strong>1949<\/strong><\/span>\u00a0&#8211; Powstaje Przedszkole nr 59 jako plac\u00f3wka zak\u0142adowa &#8222;PAFAWAG&#8221; &#8211; pierwsze przedszkolaki zaczynaj\u0105 tu swoj\u0105 edukacj\u0119. Pocz\u0105tkowo przy ul. Ojca Beyzyma.<\/p>\n<p><strong><span style=\"font-size: 24px\">1955<\/span><\/strong>\u00a0&#8211; Dnia 30 grudnia 1955r. przedszkole zostaje przeniesione do budynku przy ul. Narcyzowej 6 (aktualny).<\/p>\n<p><span style=\"font-size: 24px\"><strong>1953<\/strong><\/span>\u00a0&#8211; Pierwszy raz dzieci wyje\u017cdzaj\u0105 do Radkowa na &#8222;Zielone Przedszkole&#8221;<\/p>\n<p><strong><span style=\"font-size: 24px\">1997<\/span><\/strong>\u00a0&#8211; Dyrektorem przedszkola zostaje Pani Renata Nowak.<\/p>\n<p><span style=\"font-size: 24px\"><strong>2008<\/strong><\/span>\u00a0&#8211; W maju zosta\u0142 zako\u0144czony generalny remont budynku &#8211; przedszkole sta\u0142o si\u0119 zupe\u0142nie nowe, ale nastr\u00f3j pozosta\u0142.<\/p>\n<p><span style=\"font-size: 24px\"><strong><img loading=\"lazy\" decoding=\"async\" class=\"aligncenter wp-image-90 size-full\" src=\"https:\/\/przedszkole59.edu.wroclaw.pl\/wp-content\/uploads\/sites\/83\/2024\/03\/p59a.jpg\" alt=\"\" width=\"320\" height=\"240\" srcset=\"https:\/\/przedszkole59.edu.wroclaw.pl\/wp-content\/uploads\/sites\/83\/2024\/03\/p59a.jpg 320w, https:\/\/przedszkole59.edu.wroclaw.pl\/wp-content\/uploads\/sites\/83\/2024\/03\/p59a-300x225.jpg 300w\" sizes=\"auto, (max-width: 320px) 100vw, 320px\" \/><\/strong><\/span><\/p>\n<p><span style=\"font-size: 24px\"><strong>2009<\/strong><\/span>\u00a0&#8211; Dnia 16 czerwca przedszkole otrzymuje nazw\u0119 &#8222;U krasnala pod Narcyzem&#8221;. Nadaniu nazwy towarzyszy r\u00f3wnie\u017c ods\u0142oni\u0119cie pami\u0105tkowego Krasnala &#8222;Narcysia&#8221; ufundowanego przez przedszkole.<\/p>\n<p><span style=\"font-size: 24px\"><strong><img loading=\"lazy\" decoding=\"async\" class=\"size-medium wp-image-91 aligncenter\" src=\"https:\/\/przedszkole59.edu.wroclaw.pl\/wp-content\/uploads\/sites\/83\/2024\/03\/fotoswiat_pl_02477-200x300.jpg\" alt=\"\" width=\"200\" height=\"300\" srcset=\"https:\/\/przedszkole59.edu.wroclaw.pl\/wp-content\/uploads\/sites\/83\/2024\/03\/fotoswiat_pl_02477-200x300.jpg 200w, https:\/\/przedszkole59.edu.wroclaw.pl\/wp-content\/uploads\/sites\/83\/2024\/03\/fotoswiat_pl_02477.jpg 400w\" sizes=\"auto, (max-width: 200px) 100vw, 200px\" \/><\/strong><\/span><\/p>\n<p><span style=\"font-size: 24px\"><strong>2011<\/strong><\/span>\u00a0&#8211; Przedszkolny ogr\u00f3d przechodzi modernizacj\u0119. Znika stary plac zabaw, a na jego miejscu pojawia si\u0119 namiastka nowego. Dokonano te\u017c napraw w drzewostatnie oraz nasadze\u0144 w ogrodzie.<\/p>\n<p style=\"padding-left: 40px\"><img loading=\"lazy\" decoding=\"async\" class=\"alignleft wp-image-96 size-medium\" src=\"https:\/\/przedszkole59.edu.wroclaw.pl\/wp-content\/uploads\/sites\/83\/2024\/03\/img001-300x225.jpg\" alt=\"\" width=\"300\" height=\"225\" srcset=\"https:\/\/przedszkole59.edu.wroclaw.pl\/wp-content\/uploads\/sites\/83\/2024\/03\/img001-300x225.jpg 300w, https:\/\/przedszkole59.edu.wroclaw.pl\/wp-content\/uploads\/sites\/83\/2024\/03\/img001.jpg 480w\" sizes=\"auto, (max-width: 300px) 100vw, 300px\" \/><img loading=\"lazy\" decoding=\"async\" class=\"size-medium wp-image-99 alignleft\" src=\"https:\/\/przedszkole59.edu.wroclaw.pl\/wp-content\/uploads\/sites\/83\/2024\/03\/img010-300x225.jpg\" alt=\"\" width=\"300\" height=\"225\" data-wp-editing=\"1\" srcset=\"https:\/\/przedszkole59.edu.wroclaw.pl\/wp-content\/uploads\/sites\/83\/2024\/03\/img010-300x225.jpg 300w, https:\/\/przedszkole59.edu.wroclaw.pl\/wp-content\/uploads\/sites\/83\/2024\/03\/img010.jpg 480w\" sizes=\"auto, (max-width: 300px) 100vw, 300px\" \/><img loading=\"lazy\" decoding=\"async\" class=\"wp-image-100 size-medium alignleft\" src=\"https:\/\/przedszkole59.edu.wroclaw.pl\/wp-content\/uploads\/sites\/83\/2024\/03\/img012-300x225.jpg\" alt=\"\" width=\"300\" height=\"225\" srcset=\"https:\/\/przedszkole59.edu.wroclaw.pl\/wp-content\/uploads\/sites\/83\/2024\/03\/img012-300x225.jpg 300w, https:\/\/przedszkole59.edu.wroclaw.pl\/wp-content\/uploads\/sites\/83\/2024\/03\/img012.jpg 480w\" sizes=\"auto, (max-width: 300px) 100vw, 300px\" \/><img loading=\"lazy\" decoding=\"async\" class=\"size-medium wp-image-101 alignleft\" src=\"https:\/\/przedszkole59.edu.wroclaw.pl\/wp-content\/uploads\/sites\/83\/2024\/03\/img013-300x225.jpg\" alt=\"\" width=\"300\" height=\"225\" srcset=\"https:\/\/przedszkole59.edu.wroclaw.pl\/wp-content\/uploads\/sites\/83\/2024\/03\/img013-300x225.jpg 300w, https:\/\/przedszkole59.edu.wroclaw.pl\/wp-content\/uploads\/sites\/83\/2024\/03\/img013.jpg 448w\" sizes=\"auto, (max-width: 300px) 100vw, 300px\" \/><img loading=\"lazy\" decoding=\"async\" class=\"size-medium wp-image-102 alignleft\" src=\"https:\/\/przedszkole59.edu.wroclaw.pl\/wp-content\/uploads\/sites\/83\/2024\/03\/img014-300x225.jpg\" alt=\"\" width=\"300\" height=\"225\" srcset=\"https:\/\/przedszkole59.edu.wroclaw.pl\/wp-content\/uploads\/sites\/83\/2024\/03\/img014-300x225.jpg 300w, https:\/\/przedszkole59.edu.wroclaw.pl\/wp-content\/uploads\/sites\/83\/2024\/03\/img014.jpg 480w\" sizes=\"auto, (max-width: 300px) 100vw, 300px\" \/><img loading=\"lazy\" decoding=\"async\" class=\"size-medium wp-image-98 alignleft\" src=\"https:\/\/przedszkole59.edu.wroclaw.pl\/wp-content\/uploads\/sites\/83\/2024\/03\/img008-300x225.jpg\" alt=\"\" width=\"300\" height=\"225\" srcset=\"https:\/\/przedszkole59.edu.wroclaw.pl\/wp-content\/uploads\/sites\/83\/2024\/03\/img008-300x225.jpg 300w, https:\/\/przedszkole59.edu.wroclaw.pl\/wp-content\/uploads\/sites\/83\/2024\/03\/img008.jpg 640w\" sizes=\"auto, (max-width: 300px) 100vw, 300px\" \/><img loading=\"lazy\" decoding=\"async\" class=\"size-medium wp-image-92 alignleft\" src=\"https:\/\/przedszkole59.edu.wroclaw.pl\/wp-content\/uploads\/sites\/83\/2024\/03\/hdimg8b50ad7505a36813cdfbfeea1f69fe-300x225.jpg\" alt=\"\" width=\"300\" height=\"225\" srcset=\"https:\/\/przedszkole59.edu.wroclaw.pl\/wp-content\/uploads\/sites\/83\/2024\/03\/hdimg8b50ad7505a36813cdfbfeea1f69fe-300x225.jpg 300w, https:\/\/przedszkole59.edu.wroclaw.pl\/wp-content\/uploads\/sites\/83\/2024\/03\/hdimg8b50ad7505a36813cdfbfeea1f69fe.jpg 640w\" sizes=\"auto, (max-width: 300px) 100vw, 300px\" \/><img loading=\"lazy\" decoding=\"async\" class=\"size-medium wp-image-94 alignleft\" src=\"https:\/\/przedszkole59.edu.wroclaw.pl\/wp-content\/uploads\/sites\/83\/2024\/03\/hdimg678356ddc42fd6a6f0c60cd6684bd4-300x225.jpg\" alt=\"\" width=\"300\" height=\"225\" srcset=\"https:\/\/przedszkole59.edu.wroclaw.pl\/wp-content\/uploads\/sites\/83\/2024\/03\/hdimg678356ddc42fd6a6f0c60cd6684bd4-300x225.jpg 300w, https:\/\/przedszkole59.edu.wroclaw.pl\/wp-content\/uploads\/sites\/83\/2024\/03\/hdimg678356ddc42fd6a6f0c60cd6684bd4.jpg 640w\" sizes=\"auto, (max-width: 300px) 100vw, 300px\" \/><img loading=\"lazy\" decoding=\"async\" class=\"size-medium wp-image-93 alignleft\" src=\"https:\/\/przedszkole59.edu.wroclaw.pl\/wp-content\/uploads\/sites\/83\/2024\/03\/hdimg661f41cf0ad8a9f227a5256bd17aad-300x225.jpg\" alt=\"\" width=\"300\" height=\"225\" srcset=\"https:\/\/przedszkole59.edu.wroclaw.pl\/wp-content\/uploads\/sites\/83\/2024\/03\/hdimg661f41cf0ad8a9f227a5256bd17aad-300x225.jpg 300w, https:\/\/przedszkole59.edu.wroclaw.pl\/wp-content\/uploads\/sites\/83\/2024\/03\/hdimg661f41cf0ad8a9f227a5256bd17aad.jpg 640w\" sizes=\"auto, (max-width: 300px) 100vw, 300px\" \/><img loading=\"lazy\" decoding=\"async\" class=\"size-medium wp-image-95 alignleft\" src=\"https:\/\/przedszkole59.edu.wroclaw.pl\/wp-content\/uploads\/sites\/83\/2024\/03\/img001-1-300x225.jpg\" alt=\"\" width=\"300\" height=\"225\" srcset=\"https:\/\/przedszkole59.edu.wroclaw.pl\/wp-content\/uploads\/sites\/83\/2024\/03\/img001-1-300x225.jpg 300w, https:\/\/przedszkole59.edu.wroclaw.pl\/wp-content\/uploads\/sites\/83\/2024\/03\/img001-1.jpg 640w\" sizes=\"auto, (max-width: 300px) 100vw, 300px\" \/><img loading=\"lazy\" decoding=\"async\" class=\"size-medium wp-image-103 alignleft\" src=\"https:\/\/przedszkole59.edu.wroclaw.pl\/wp-content\/uploads\/sites\/83\/2024\/03\/img018-300x225.jpg\" alt=\"\" width=\"300\" height=\"225\" srcset=\"https:\/\/przedszkole59.edu.wroclaw.pl\/wp-content\/uploads\/sites\/83\/2024\/03\/img018-300x225.jpg 300w, https:\/\/przedszkole59.edu.wroclaw.pl\/wp-content\/uploads\/sites\/83\/2024\/03\/img018.jpg 480w\" sizes=\"auto, (max-width: 300px) 100vw, 300px\" \/><img loading=\"lazy\" decoding=\"async\" class=\"size-medium wp-image-97 alignleft\" src=\"https:\/\/przedszkole59.edu.wroclaw.pl\/wp-content\/uploads\/sites\/83\/2024\/03\/img004-300x225.jpg\" alt=\"\" width=\"300\" height=\"225\" srcset=\"https:\/\/przedszkole59.edu.wroclaw.pl\/wp-content\/uploads\/sites\/83\/2024\/03\/img004-300x225.jpg 300w, https:\/\/przedszkole59.edu.wroclaw.pl\/wp-content\/uploads\/sites\/83\/2024\/03\/img004.jpg 480w\" sizes=\"auto, (max-width: 300px) 100vw, 300px\" \/><\/p>\n<p>[\/vc_column_text][\/vc_tta_section][vc_tta_section title=&#8221;Galeria&#8221; tab_id=&#8221;1714036294782-11773d5d-5af8&#8243;][vc_gallery type=&#8221;image_grid&#8221; images=&#8221;246,103,96,95,94,101,100,93,92,91,90&#8243; css=&#8221;&#8221;][\/vc_tta_section][\/vc_tta_tabs][\/vc_column][\/vc_row]<\/p>\n<\/div>","protected":false},"excerpt":{"rendered":"<p>[vc_row][vc_column width=&#8221;1\/12&#8243;][\/vc_column][vc_column width=&#8221;1\/2&#8243;][vc_column_text css=&#8221;&#8221;]Przedszkole czynne jest od poniedzia\u0142ku do pi\u0105tku w godz. 6:45 \u2013 17,\u00a0 w tym czasie odbywaj\u0105 si\u0119 zaj\u0119cia planowane i inspirowane przez nauczycielki oraz podejmowane z inicjatywy [&hellip;]<\/p>\n","protected":false},"author":7,"featured_media":0,"parent":0,"menu_order":0,"comment_status":"closed","ping_status":"closed","template":"","meta":{"footnotes":""},"class_list":["post-74","page","type-page","status-publish","hentry","clearfix"],"_links":{"self":[{"href":"https:\/\/przedszkole59.edu.wroclaw.pl\/index.php\/wp-json\/wp\/v2\/pages\/74","targetHints":{"allow":["GET"]}}],"collection":[{"href":"https:\/\/przedszkole59.edu.wroclaw.pl\/index.php\/wp-json\/wp\/v2\/pages"}],"about":[{"href":"https:\/\/przedszkole59.edu.wroclaw.pl\/index.php\/wp-json\/wp\/v2\/types\/page"}],"author":[{"embeddable":true,"href":"https:\/\/przedszkole59.edu.wroclaw.pl\/index.php\/wp-json\/wp\/v2\/users\/7"}],"replies":[{"embeddable":true,"href":"https:\/\/przedszkole59.edu.wroclaw.pl\/index.php\/wp-json\/wp\/v2\/comments?post=74"}],"version-history":[{"count":59,"href":"https:\/\/przedszkole59.edu.wroclaw.pl\/index.php\/wp-json\/wp\/v2\/pages\/74\/revisions"}],"predecessor-version":[{"id":5546,"href":"https:\/\/przedszkole59.edu.wroclaw.pl\/index.php\/wp-json\/wp\/v2\/pages\/74\/revisions\/5546"}],"wp:attachment":[{"href":"https:\/\/przedszkole59.edu.wroclaw.pl\/index.php\/wp-json\/wp\/v2\/media?parent=74"}],"curies":[{"name":"wp","href":"https:\/\/api.w.org\/{rel}","templated":true}]}}